{"id":12179,"date":"2025-04-14T10:09:43","date_gmt":"2025-04-14T07:09:43","guid":{"rendered":"https:\/\/www.inkorgrup.com\/boru-destegi\/"},"modified":"2025-06-30T09:58:09","modified_gmt":"2025-06-30T06:58:09","slug":"pipe-support","status":"publish","type":"page","link":"https:\/\/www.inkorgrup.com\/ar\/pipe-support","title":{"rendered":"\u062f\u0639\u0645 \u0627\u0644\u0623\u0646\u0627\u0628\u064a\u0628"},"content":{"rendered":"\t\t<div data-elementor-type=\"wp-page\" data-elementor-id=\"12179\" class=\"elementor elementor-12179 elementor-4911\">\n\t\t\t\t<div class=\"elementor-element elementor-element-98bdb83 e-flex e-con-boxed e-con e-parent\" data-id=\"98bdb83\" data-element_type=\"container\" data-e-type=\"container\" data-settings=\"{&quot;background_background&quot;:&quot;classic&quot;}\">\n\t\t\t\t\t<div class=\"e-con-inner\">\n\t\t\t\t<div class=\"elementor-element elementor-element-1168d40 elementor-widget elementor-widget-heading\" data-id=\"1168d40\" data-element_type=\"widget\" data-e-type=\"widget\" data-widget_type=\"heading.default\">\n\t\t\t\t<div class=\"elementor-widget-container\">\n\t\t\t\t\t<h1 class=\"elementor-heading-title elementor-size-default\">\u062f\u0639\u0645 \u0627\u0644\u0623\u0646\u0627\u0628\u064a\u0628<\/h1>\t\t\t\t<\/div>\n\t\t\t\t<\/div>\n\t\t\t\t\t<\/div>\n\t\t\t\t<\/div>\n\t\t<div class=\"elementor-element elementor-element-539e7b0 e-flex e-con-boxed e-con e-parent\" data-id=\"539e7b0\" data-element_type=\"container\" data-e-type=\"container\">\n\t\t\t\t\t<div class=\"e-con-inner\">\n\t\t<div class=\"elementor-element elementor-element-bd5c185 e-con-full sidebar-menu-product e-flex e-con e-child\" data-id=\"bd5c185\" data-element_type=\"container\" data-e-type=\"container\">\n\t\t<div class=\"normal flexitype_sticky elementor-element elementor-element-2509ff9 e-con-full e-grid elementor-hidden-mobile e-con e-child\" data-id=\"2509ff9\" data-element_type=\"container\" data-e-type=\"container\" data-settings=\"{&quot;background_background&quot;:&quot;classic&quot;}\">\n\t\t\t\t<div class=\"elementor-element elementor-element-6da095e sidebar-baslik elementor-widget elementor-widget-heading\" data-id=\"6da095e\" data-element_type=\"widget\" data-e-type=\"widget\" data-widget_type=\"heading.default\">\n\t\t\t\t<div class=\"elementor-widget-container\">\n\t\t\t\t\t<div class=\"elementor-heading-title elementor-size-default\">\u0627\u0644\u0627\u062a\u0635\u0627\u0644\u0627\u062a<\/div>\t\t\t\t<\/div>\n\t\t\t\t<\/div>\n\t\t\t\t<div class=\"elementor-element elementor-element-bb60c5e elementor-widget elementor-widget-flexitype-verticalmenu\" data-id=\"bb60c5e\" data-element_type=\"widget\" data-e-type=\"widget\" data-widget_type=\"flexitype-verticalmenu.default\">\n\t\t\t\t<div class=\"elementor-widget-container\">\n\t\t\t\t\t        \r\n        <div class=\"vertical-menu vertical_menu-326\">\r\n            <div class=\"menu-telekom-ar-container\"><ul id=\"mobilemenu\" class=\"d-block\"><li id=\"menu-item-14103\" class=\"menu-item menu-item-type-post_type menu-item-object-page menu-item-14103\"><a href=\"https:\/\/www.inkorgrup.com\/ar\/double-pe-splitter\/\">\u0645\u0648\u0632\u0639 PE \u0645\u0632\u062f\u0648\u062c<\/a><\/li>\n<li id=\"menu-item-14104\" class=\"menu-item menu-item-type-post_type menu-item-object-page menu-item-14104\"><a href=\"https:\/\/www.inkorgrup.com\/ar\/triple-pe-splitter\">\u0645\u064f\u0636\u0627\u0639\u0650\u0641 PE \u062b\u0644\u0627\u062b\u064a<\/a><\/li>\n<li id=\"menu-item-14106\" class=\"menu-item menu-item-type-post_type menu-item-object-page menu-item-14106\"><a href=\"https:\/\/www.inkorgrup.com\/ar\/hdpe-double-wall-corrugated-pipe\">\u0623\u0646\u0628\u0648\u0628 \u0645\u0645\u0648\u062c \u0645\u0632\u062f\u0648\u062c \u0627\u0644\u062c\u062f\u0627\u0631 \u0645\u0646 \u0645\u0627\u062f\u0629 \u0627\u0644\u0628\u0648\u0644\u064a \u0625\u064a\u062b\u064a\u0644\u064a\u0646 \u0639\u0627\u0644\u064a \u0627\u0644\u0643\u062b\u0627\u0641\u0629<\/a><\/li>\n<li id=\"menu-item-14107\" class=\"menu-item menu-item-type-post_type menu-item-object-page menu-item-14107\"><a href=\"https:\/\/www.inkorgrup.com\/ar\/coupling-sleeve\/\">\u0643\u0645 \u0627\u0644\u0627\u0646\u0636\u0645\u0627\u0645<\/a><\/li>\n<li id=\"menu-item-14111\" class=\"menu-item menu-item-type-post_type menu-item-object-page menu-item-14111\"><a href=\"https:\/\/www.inkorgrup.com\/ar\/pipe-support\">\u062f\u0639\u0645 \u0627\u0644\u0623\u0646\u0627\u0628\u064a\u0628<\/a><\/li>\n<li id=\"menu-item-14112\" class=\"menu-item menu-item-type-post_type menu-item-object-page menu-item-14112\"><a href=\"https:\/\/www.inkorgrup.com\/ar\/hdpe-coil-conduit\/\">\u063a\u0644\u0627\u0641 \u0645\u0644\u0641 \u0627\u0644\u0628\u0648\u0644\u064a \u0625\u064a\u062b\u064a\u0644\u064a\u0646 \u0639\u0627\u0644\u064a \u0627\u0644\u0643\u062b\u0627\u0641\u0629<\/a><\/li>\n<\/ul><\/div>        <\/div>\r\n        \r\n        <script>\r\n            (function ($) {\r\n                \"use strict\";\r\n                $(document).ready(function () {\r\n                    \/\/\/============= * Responsive Menu Toggle  =============\\\\\\\r\n                    var mobileItems = jQuery('.vertical_menu-326');\r\n                    mobileItems.find('ul li.menu-item-has-children').append('<span class=\"mobile-arrows fa-solid fa-plus\"><\/span>');\r\n                                            \r\n                    jQuery(\".vertical_menu-326 .mobile-arrows\").click(function() {\r\n                        jQuery(this).parent().find('ul:first').slideToggle(300);\r\n                        jQuery(this).parent().find('> .mobile-arrows').toggleClass('is-open');\r\n                    });\r\n                });\r\n            })(jQuery);\r\n        <\/script>\r\n        \t\t\t\t<\/div>\n\t\t\t\t<\/div>\n\t\t\t\t<\/div>\n\t\t\t\t<\/div>\n\t\t<div class=\"elementor-element elementor-element-9645c68 e-con-full e-flex e-con e-child\" data-id=\"9645c68\" data-element_type=\"container\" data-e-type=\"container\">\n\t\t<div class=\"elementor-element elementor-element-9651ef7 e-con-full e-flex e-con e-child\" data-id=\"9651ef7\" data-element_type=\"container\" data-e-type=\"container\">\n\t\t\t\t<div class=\"elementor-element elementor-element-a576254 slider-slide_box_yes elementor-widget elementor-widget-flexitype-image-slider\" data-id=\"a576254\" data-element_type=\"widget\" data-e-type=\"widget\" data-widget_type=\"flexitype-image-slider.default\">\n\t\t\t\t<div class=\"elementor-widget-container\">\n\t\t\t\t\t\r\n        <div class=\"flexitype_slider \">\r\n            <div class=\"swiper flexitype_slide12 slide_box\">\r\n                <div class=\"swiper-wrapper\">\r\n                                            <div class=\"swiper-slide\">\r\n                            <div class=\"flexitype_image_slider-item visibility_hidden\">\r\n                                <img decoding=\"async\" src=\"http:\/\/inkorgrup.com\/wp-content\/uploads\/2025\/04\/boru-destegi-2.jpg\" alt=\"image\">\r\n                                <div class=\"flexitype_image_slider-item-content\">\r\n                                    <div\r\n                                        class=\"flexitype_image_slider-item-area inline\">\r\n                                        <div class=\"flexitype_image_slider-item-area-icon\">\r\n                                                                                    <\/div>\r\n                                        <div>\r\n                                                                                                                                                                            <\/div>\r\n                                    <\/div>\r\n                                <\/div>\r\n                            <\/div>\r\n                        <\/div>\r\n                                            <div class=\"swiper-slide\">\r\n                            <div class=\"flexitype_image_slider-item visibility_hidden\">\r\n                                <img decoding=\"async\" src=\"http:\/\/inkorgrup.com\/wp-content\/uploads\/2025\/06\/boru-destegi.jpg\" alt=\"image\">\r\n                                <div class=\"flexitype_image_slider-item-content\">\r\n                                    <div\r\n                                        class=\"flexitype_image_slider-item-area inline\">\r\n                                        <div class=\"flexitype_image_slider-item-area-icon\">\r\n                                                                                    <\/div>\r\n                                        <div>\r\n                                                                                                                                                                            <\/div>\r\n                                    <\/div>\r\n                                <\/div>\r\n                            <\/div>\r\n                        <\/div>\r\n                                            <div class=\"swiper-slide\">\r\n                            <div class=\"flexitype_image_slider-item visibility_hidden\">\r\n                                <img decoding=\"async\" src=\"http:\/\/inkorgrup.com\/wp-content\/uploads\/2025\/06\/boru-destegi-3.jpg\" alt=\"image\">\r\n                                <div class=\"flexitype_image_slider-item-content\">\r\n                                    <div\r\n                                        class=\"flexitype_image_slider-item-area inline\">\r\n                                        <div class=\"flexitype_image_slider-item-area-icon\">\r\n                                                                                    <\/div>\r\n                                        <div>\r\n                                                                                                                                                                            <\/div>\r\n                                    <\/div>\r\n                                <\/div>\r\n                            <\/div>\r\n                        <\/div>\r\n                                    <\/div>\r\n            <\/div>\r\n                            <div class=\"flexitype_slider-arrow arrow_middle\">\r\n                    <div class=\"flexitype_slider-arrow-prev swiper-button-prev-sliderid\">\r\n                        <i class=\"fas fa-chevron-left\"><\/i>\r\n                    <\/div>\r\n                    <div class=\"flexitype_slider-arrow-next swiper-button-next-sliderid\">\r\n                        <i class=\"fas fa-chevron-right\"><\/i>\r\n                    <\/div>\r\n                <\/div>\r\n                                <\/div>\r\n        <script>\r\n            (function ($) {\r\n                \"use strict\";\r\n                $(document).ready(function () {\r\n                    var autoplayOption = \"yes\";\r\n                    var enableAutoplay = (autoplayOption === 'yes');\r\n                    var swiper = new Swiper(\".flexitype_slide12\", {\r\n                        loop: true,\r\n                        spaceBetween: 30,\r\n                        speed: 500,\r\n                        autoplay: enableAutoplay ? {\r\n                            delay: 4000,\r\n                            reverseDirection: false,\r\n                            disableOnInteraction: false,\r\n                        } : false,\r\n                        navigation: {\r\n                            prevEl: '.swiper-button-prev-sliderid',\r\n                            nextEl: '.swiper-button-next-sliderid',\r\n                        },\r\n                        pagination: {\r\n                            el: \".flexitype_slide_dots-sliderid\",\r\n                            clickable: true,\r\n                        },\r\n                        breakpoints: {\r\n                            0: {\r\n                                slidesPerView: 1,\r\n                            },\r\n                            768: {\r\n                                slidesPerView: 1,\r\n                            },\r\n                            1025: {\r\n                                slidesPerView: 1,\r\n                            },\r\n                            1600: {\r\n                                slidesPerView: 1,\r\n                            },\r\n                        },\r\n                        centeredSlides: \"\",\r\n                    });\r\n                });\r\n            })(jQuery);\r\n        <\/script>\r\n        \t\t\t\t<\/div>\n\t\t\t\t<\/div>\n\t\t\t\t<\/div>\n\t\t\t\t<\/div>\n\t\t\t\t\t<\/div>\n\t\t\t\t<\/div>\n\t\t\t\t<section class=\"elementor-section elementor-top-section elementor-element elementor-element-792cd96 elementor-section-boxed elementor-section-height-default elementor-section-height-default\" data-id=\"792cd96\" data-element_type=\"section\" data-e-type=\"section\">\n\t\t\t\t\t\t<div class=\"elementor-container elementor-column-gap-default\">\n\t\t\t\t\t<div class=\"elementor-column elementor-col-100 elementor-top-column elementor-element elementor-element-2d26747\" data-id=\"2d26747\" data-element_type=\"column\" data-e-type=\"column\">\n\t\t\t<div class=\"elementor-widget-wrap elementor-element-populated\">\n\t\t\t\t\t\t<div class=\"elementor-element elementor-element-c16f712 elementor-widget__width-initial elementor-widget elementor-widget-text-editor\" data-id=\"c16f712\" data-element_type=\"widget\" data-e-type=\"widget\" data-widget_type=\"text-editor.default\">\n\t\t\t\t<div class=\"elementor-widget-container\">\n\t\t\t\t\t\t\t\t\t<p><strong>\u0627\u0644\u0645\u064a\u0632\u0627\u062a \u0627\u0644\u0639\u0627\u0645\u0629:<\/strong><\/p><ul><li><strong>\u0627\u0644\u0627\u0633\u062a\u062e\u062f\u0627\u0645:<\/strong> \u064a\u064f\u0633\u062a\u062e\u062f\u0645 \u0644\u0636\u0645\u0627\u0646 \u0628\u0642\u0627\u0621 \u0623\u0646\u0627\u0628\u064a\u0628 \u0627\u0644\u0627\u062a\u0635\u0627\u0644\u0627\u062a \u0645\u062a\u0648\u0627\u0632\u064a\u0629 \u0648\u0641\u064a \u0646\u0641\u0633 \u0627\u0644\u0627\u062a\u062c\u0627\u0647\u060c \u0633\u0648\u0627\u0621\u064b \u0643\u0627\u0646\u062a \u0623\u0632\u0648\u0627\u062c\u064b\u0627 \u0623\u0648 \u0645\u062a\u0635\u0644\u0629 \u0628\u0628\u0639\u0636\u0647\u0627.<\/li><li>\u0627\u0644\u0645\u0627\u062f\u0629 \u0627\u0644\u062e\u0627\u0645<strong>: \u0628\u0648\u0644\u064a \u0643\u0644\u0648\u0631\u064a\u062f \u0627\u0644\u0641\u064a\u0646\u064a\u0644<\/strong> (PVC)<\/li><li>\u0627\u0644\u0644\u0648\u0646<strong>: \u0623\u0633\u0648\u062f<\/strong><\/li><\/ul>\t\t\t\t\t\t\t\t<\/div>\n\t\t\t\t<\/div>\n\t\t\t\t\t<\/div>\n\t\t<\/div>\n\t\t\t\t\t<\/div>\n\t\t<\/section>\n\t\t\t\t<\/div>\n\t\t","protected":false},"excerpt":{"rendered":"<p>Boru Deste\u011fi TELEKOM HDPE \u00c7ift Cidarl\u0131 Koruge Boru \u00dc\u00e7l\u00fc PE \u00c7oklay\u0131c\u0131 \u0130kili PE \u00c7oklay\u0131c\u0131 HDPE Kangal Muhafaza Boru Deste\u011fi Birle\u015ftirme Man\u015fonu \u00a0 \u00a0Genel \u00d6zellikleri : KULLANIM: Telekom borular\u0131n\u0131n ikili veya birbirleri ile birle\u015ftirilerek daha fazla say\u0131da birbirleri ile paralel ve ayn\u0131 do\u011frultuda kalmalar\u0131n\u0131 sa\u011flamak i\u00e7in kullan\u0131l\u0131r. HAMMADDE: PVC RENK: Siyah<\/p>\n","protected":false},"author":1,"featured_media":0,"parent":0,"menu_order":0,"comment_status":"closed","ping_status":"closed","template":"elementor_header_footer","meta":{"footnotes":""},"class_list":["post-12179","page","type-page","status-publish","hentry"],"_links":{"self":[{"href":"https:\/\/www.inkorgrup.com\/ar\/wp-json\/wp\/v2\/pages\/12179","targetHints":{"allow":["GET"]}}],"collection":[{"href":"https:\/\/www.inkorgrup.com\/ar\/wp-json\/wp\/v2\/pages"}],"about":[{"href":"https:\/\/www.inkorgrup.com\/ar\/wp-json\/wp\/v2\/types\/page"}],"author":[{"embeddable":true,"href":"https:\/\/www.inkorgrup.com\/ar\/wp-json\/wp\/v2\/users\/1"}],"replies":[{"embeddable":true,"href":"https:\/\/www.inkorgrup.com\/ar\/wp-json\/wp\/v2\/comments?post=12179"}],"version-history":[{"count":6,"href":"https:\/\/www.inkorgrup.com\/ar\/wp-json\/wp\/v2\/pages\/12179\/revisions"}],"predecessor-version":[{"id":14063,"href":"https:\/\/www.inkorgrup.com\/ar\/wp-json\/wp\/v2\/pages\/12179\/revisions\/14063"}],"wp:attachment":[{"href":"https:\/\/www.inkorgrup.com\/ar\/wp-json\/wp\/v2\/media?parent=12179"}],"curies":[{"name":"wp","href":"https:\/\/api.w.org\/{rel}","templated":true}]}}