{"id":10070,"date":"2024-12-30T09:18:47","date_gmt":"2024-12-30T06:18:47","guid":{"rendered":"https:\/\/www.inkorgrup.com\/u-pvc-contali-ek-parcalar\/"},"modified":"2025-06-27T14:16:19","modified_gmt":"2025-06-27T11:16:19","slug":"u-pvc-gasketed-fittings","status":"publish","type":"page","link":"https:\/\/www.inkorgrup.com\/en\/u-pvc-gasketed-fittings\/","title":{"rendered":"U-PVC Gasketed Fittings"},"content":{"rendered":"\t\t<div data-elementor-type=\"wp-page\" data-elementor-id=\"10070\" class=\"elementor elementor-10070 elementor-3772\">\n\t\t\t\t<div class=\"elementor-element elementor-element-e8e4b3e e-flex e-con-boxed e-con e-parent\" data-id=\"e8e4b3e\" data-element_type=\"container\" data-e-type=\"container\" data-settings=\"{&quot;background_background&quot;:&quot;classic&quot;}\">\n\t\t\t\t\t<div class=\"e-con-inner\">\n\t\t\t\t<div class=\"elementor-element elementor-element-d474b0a elementor-widget elementor-widget-heading\" data-id=\"d474b0a\" data-element_type=\"widget\" data-e-type=\"widget\" data-widget_type=\"heading.default\">\n\t\t\t\t<div class=\"elementor-widget-container\">\n\t\t\t\t\t<h1 class=\"elementor-heading-title elementor-size-default\">U-PVC Gasketed Fittings\n<\/h1>\t\t\t\t<\/div>\n\t\t\t\t<\/div>\n\t\t\t\t\t<\/div>\n\t\t\t\t<\/div>\n\t\t<div class=\"elementor-element elementor-element-5d6ebbe e-flex e-con-boxed e-con e-parent\" data-id=\"5d6ebbe\" data-element_type=\"container\" data-e-type=\"container\">\n\t\t\t\t\t<div class=\"e-con-inner\">\n\t\t<div class=\"elementor-element elementor-element-9c2d0d7 e-con-full sidebar-menu-product e-flex e-con e-child\" data-id=\"9c2d0d7\" data-element_type=\"container\" data-e-type=\"container\">\n\t\t<div class=\"normal flexitype_sticky elementor-element elementor-element-7d288b7 e-con-full e-grid e-con e-child\" data-id=\"7d288b7\" data-element_type=\"container\" data-e-type=\"container\" data-settings=\"{&quot;background_background&quot;:&quot;classic&quot;}\">\n\t\t\t\t<div class=\"elementor-element elementor-element-0ae743d elementor-widget elementor-widget-flexitype-verticalmenu\" data-id=\"0ae743d\" data-element_type=\"widget\" data-e-type=\"widget\" data-widget_type=\"flexitype-verticalmenu.default\">\n\t\t\t\t<div class=\"elementor-widget-container\">\n\t\t\t\t\t        \r\n        <div class=\"vertical-menu vertical_menu-25\">\r\n            <div id=\"mobilemenu\" class=\"d-block\"><ul>\n<li class=\"page_item page-item-10648\"><a href=\"https:\/\/www.inkorgrup.com\/en\/w1000-plastic-pipe-hydraulic-butt-fusion-machine\">1000 Plastic Pipe Hydraulic  Butt Fusion Machine<\/a><\/li>\n<li class=\"page_item page-item-10416\"><a href=\"https:\/\/www.inkorgrup.com\/en\/efw-1200-electrofusion-welding-machine\">1200 Electrofusion Welding Machine<\/a><\/li>\n<li class=\"page_item page-item-10639\"><a href=\"https:\/\/www.inkorgrup.com\/en\/w1200-plastic-pipe-hydraulic-butt-welding-machine\">1200 Plastic Pipe Hydraulic Butt Welding Machine<\/a><\/li>\n<li class=\"page_item page-item-10655\"><a href=\"https:\/\/www.inkorgrup.com\/en\/mhtw160-manual-hydraulic-plastic-pipe-butt-welding-machine\">160 Manual Hydraulic Plastic Pipe Butt Welding Machine<\/a><\/li>\n<li class=\"page_item page-item-10618\"><a href=\"https:\/\/www.inkorgrup.com\/en\/w160-plastic-pipe-hydraulic-butt-welding-machine\">160 Plastic Pipe Hydraulic  Butt Welding Machine<\/a><\/li>\n<li class=\"page_item page-item-10703\"><a href=\"https:\/\/www.inkorgrup.com\/en\/mhw160-plastic-pipe-manual-hydraulic-butt-welding-machine\">160 Plastic Pipe Manual Hydraulic Butt Welding Machine<\/a><\/li>\n<li class=\"page_item page-item-10613\"><a href=\"https:\/\/www.inkorgrup.com\/en\/w1600-plastic-pipe-hydraulic-butt-welding-machine\">1600 Plastic Pipe Hydraulic Butt Welding Machine<\/a><\/li>\n<li class=\"page_item page-item-10600\"><a href=\"https:\/\/www.inkorgrup.com\/en\/w2000-plastic-pipe-hydraulic-butt-welding-machine\">2000 Plastic Pipe Hydraulic Butt Welding Machine<\/a><\/li>\n<li class=\"page_item page-item-10582\"><a href=\"https:\/\/www.inkorgrup.com\/en\/w250-plastic-pipe-hydraulic-butt-welding-machine\">250 Plastic Pipe Hydraulic Butt Welding Machine<\/a><\/li>\n<li class=\"page_item page-item-10668\"><a href=\"https:\/\/www.inkorgrup.com\/en\/mhw250-plastic-pipe-manual-hydraulic-butt-welding-machine\">250 Plastic Pipe Manual Hydraulic Butt Welding Machine<\/a><\/li>\n<li class=\"page_item page-item-10567\"><a href=\"https:\/\/www.inkorgrup.com\/en\/w2500-plastic-pipe-hydraulic-butt-welding-machine\">2500 Plastic Pipe Hydraulic Butt Welding Machine<\/a><\/li>\n<li class=\"page_item page-item-10561\"><a href=\"https:\/\/www.inkorgrup.com\/en\/w2800-plastic-pipe-manual-hydraulic-butt-welding-machine\">2800 Plastic Pipe Manual Hydraulic Butt Welding Machine<\/a><\/li>\n<li class=\"page_item page-item-10432\"><a href=\"https:\/\/www.inkorgrup.com\/en\/efw-3000-electrofusion-welding-machine\">3000 Electrofusion Welding Machine<\/a><\/li>\n<li class=\"page_item page-item-10451\"><a href=\"https:\/\/www.inkorgrup.com\/en\/efw-315-electrofusion-welding-machine\">315 Electrofusion Welding Machine<\/a><\/li>\n<li class=\"page_item page-item-10555\"><a href=\"https:\/\/www.inkorgrup.com\/en\/w315-plastic-pipe-hydraulic-butt-welding-machine\">315 Plastic Pipe Hydraulic Butt Welding Machine<\/a><\/li>\n<li class=\"page_item page-item-10539\"><a href=\"https:\/\/www.inkorgrup.com\/en\/w400-plastic-pipe-hydraulic-butt-welding-machine\">400 Plastic Pipe Hydraulic Butt Welding Machine<\/a><\/li>\n<li class=\"page_item page-item-10476\"><a href=\"https:\/\/www.inkorgrup.com\/en\/w400m-plastic-pipe-single-phase-hydraulic-butt-welding-machine\">400M Plastic Pipe Single-Phase Hydraulic Butt Welding Machine<\/a><\/li>\n<li class=\"page_item page-item-10464\"><a href=\"https:\/\/www.inkorgrup.com\/en\/w500-plastic-pipe-hydraulic-butt-welding-machine\">500 Plastic Pipe Hydraulic Butt Welding Machine<\/a><\/li>\n<li class=\"page_item page-item-10493\"><a href=\"https:\/\/www.inkorgrup.com\/en\/efw-630-electrofusion-welding-machine\">630 Electrofusion Welding Machine<\/a><\/li>\n<li class=\"page_item page-item-10444\"><a href=\"https:\/\/www.inkorgrup.com\/en\/w630-plastic-pipe-hydraulic-butt-welding-machine\">630 Plastic Pipe Hydraulic Butt Welding Machine<\/a><\/li>\n<li class=\"page_item page-item-10433\"><a href=\"https:\/\/www.inkorgrup.com\/en\/w800-plastic-pipe-hydraulic-butt-welding-machine\">800 Plastic Pipe Hydraulic Butt Welding Machine<\/a><\/li>\n<li class=\"page_item page-item-9918\"><a href=\"https:\/\/www.inkorgrup.com\/en\/about\/\">About us<\/a><\/li>\n<li class=\"page_item page-item-11809 current_page_parent\"><a href=\"https:\/\/www.inkorgrup.com\/en\/blog\">Blog<\/a><\/li>\n<li class=\"page_item page-item-10234\"><a href=\"https:\/\/www.inkorgrup.com\/en\/butt-welding-machines\/\">Butt Welding Machines<\/a><\/li>\n<li class=\"page_item page-item-9916\"><a href=\"https:\/\/www.inkorgrup.com\/en\/contact\/\">Contact<\/a><\/li>\n<li class=\"page_item page-item-9984\"><a href=\"https:\/\/www.inkorgrup.com\/en\/corrugated-pipe\">Corrugated Pipe<\/a><\/li>\n<li class=\"page_item page-item-10604\"><a href=\"https:\/\/www.inkorgrup.com\/en\/coupling-fittings\">Coupling Fittings<\/a><\/li>\n<li class=\"page_item page-item-10370\"><a href=\"https:\/\/www.inkorgrup.com\/en\/coupling-sleeve\/\">Coupling Sleeve<\/a><\/li>\n<li class=\"page_item page-item-10091\"><a href=\"https:\/\/www.inkorgrup.com\/en\/coupling-valves\">Coupling Valves<\/a><\/li>\n<li class=\"page_item page-item-10846\"><a href=\"https:\/\/www.inkorgrup.com\/en\/double-pe-splitter\">Double PE Splitter<\/a><\/li>\n<li class=\"page_item page-item-10022\"><a href=\"https:\/\/www.inkorgrup.com\/en\/drainage-pipe\">Drainage Pipe<\/a><\/li>\n<li class=\"page_item page-item-10503\"><a href=\"https:\/\/www.inkorgrup.com\/en\/electrofusion-welding-machines\">Electrofusion Welding Machines<\/a><\/li>\n<li class=\"page_item page-item-10521\"><a href=\"https:\/\/www.inkorgrup.com\/en\/hdpe-100-pipe\">HDPE 100 Pipe<\/a><\/li>\n<li class=\"page_item page-item-10575\"><a href=\"https:\/\/www.inkorgrup.com\/en\/hdpe-coil-conduit\">HDPE Coil Conduit<\/a><\/li>\n<li class=\"page_item page-item-10533\"><a href=\"https:\/\/www.inkorgrup.com\/en\/hdpe-double-wall-corrugated-pipe\">HDPE Double-Wall Corrugated Pipe<\/a><\/li>\n<li class=\"page_item page-item-9961\"><a href=\"https:\/\/www.inkorgrup.com\/en\/hdpe-fittings\">HDPE Fittings<\/a><\/li>\n<li class=\"page_item page-item-9974\"><a href=\"https:\/\/www.inkorgrup.com\/en\/hdpe-fittings-ef-electrofusion\">HDPE Fittings (EF &#8211; Electrofusion)<\/a><\/li>\n<li class=\"page_item page-item-9930\"><a href=\"https:\/\/www.inkorgrup.com\/en\/infrastructure-products\/\">Infrastructure Products<\/a><\/li>\n<li class=\"page_item page-item-9804\"><a href=\"https:\/\/www.inkorgrup.com\/en\/\">Inkor Grup<\/a><\/li>\n<li class=\"page_item page-item-9957\"><a href=\"https:\/\/www.inkorgrup.com\/en\/irrigation-landscaping\">Irrigation &#038; Landscaping<\/a><\/li>\n<li class=\"page_item page-item-10658\"><a href=\"https:\/\/www.inkorgrup.com\/en\/mhw315-plastic-pipe-manual-hydraulic-butt-welding-machine\">MHW315 Plastic Pipe Manual Hydraulic Butt Welding Machine<\/a><\/li>\n<li class=\"page_item page-item-9942\"><a href=\"https:\/\/www.inkorgrup.com\/en\/pe-100-pressurized-network-pipes\">PE 100 Pressurized Network Pipes<\/a><\/li>\n<li class=\"page_item page-item-10388\"><a href=\"https:\/\/www.inkorgrup.com\/en\/pipe-support\">Pipe Support<\/a><\/li>\n<li class=\"page_item page-item-10103\"><a href=\"https:\/\/www.inkorgrup.com\/en\/pp-socket-tee\">PP Socket Tee<\/a><\/li>\n<li class=\"page_item page-item-9943\"><a href=\"https:\/\/www.inkorgrup.com\/en\/telecom\/\">Telecom<\/a><\/li>\n<li class=\"page_item page-item-10711\"><a href=\"https:\/\/www.inkorgrup.com\/en\/triple-pe-splitter\">Triple PE Splitter<\/a><\/li>\n<li class=\"page_item page-item-10079\"><a href=\"https:\/\/www.inkorgrup.com\/en\/u-pvc-ball-valves\">U-PVC Ball Valves<\/a><\/li>\n<li class=\"page_item page-item-10070\"><a href=\"https:\/\/www.inkorgrup.com\/en\/u-pvc-gasketed-fittings\/\">U-PVC Gasketed Fittings<\/a><\/li>\n<li class=\"page_item page-item-10034\"><a href=\"https:\/\/www.inkorgrup.com\/en\/u-pvc-pipes\">U-PVC Pipes<\/a><\/li>\n<li class=\"page_item page-item-10045\"><a href=\"https:\/\/www.inkorgrup.com\/en\/u-pvc-solvent-weld-socket-fittings\">U-PVC Solvent Weld Socket Fittings<\/a><\/li>\n<li class=\"page_item page-item-9935\"><a href=\"https:\/\/www.inkorgrup.com\/en\/welding-machines\">Welding Machines<\/a><\/li>\n<\/ul><\/div>\n        <\/div>\r\n        \r\n        <script>\r\n            (function ($) {\r\n                \"use strict\";\r\n                $(document).ready(function () {\r\n                    \/\/\/============= * Responsive Menu Toggle  =============\\\\\\\r\n                    var mobileItems = jQuery('.vertical_menu-25');\r\n                    mobileItems.find('ul li.menu-item-has-children').append('<span class=\"mobile-arrows fa-solid fa-plus\"><\/span>');\r\n                                            \r\n                    jQuery(\".vertical_menu-25 .mobile-arrows\").click(function() {\r\n                        jQuery(this).parent().find('ul:first').slideToggle(300);\r\n                        jQuery(this).parent().find('> .mobile-arrows').toggleClass('is-open');\r\n                    });\r\n                });\r\n            })(jQuery);\r\n        <\/script>\r\n        \t\t\t\t<\/div>\n\t\t\t\t<\/div>\n\t\t\t\t<\/div>\n\t\t\t\t<\/div>\n\t\t<div class=\"elementor-element elementor-element-b374218 e-con-full e-grid e-con e-child\" data-id=\"b374218\" data-element_type=\"container\" data-e-type=\"container\">\n\t\t\t\t<div class=\"elementor-element elementor-element-2bc4d57 elementor-widget elementor-widget-flexitype-image-box\" data-id=\"2bc4d57\" data-element_type=\"widget\" data-e-type=\"widget\" data-widget_type=\"flexitype-image-box.default\">\n\t\t\t\t<div class=\"elementor-widget-container\">\n\t\t\t\t\t\r\n        <div class=\"icon__box-item box_image  custom_badge\">\r\n            <div class=\"icon__box-image\">\r\n                <img decoding=\"async\" src=\"http:\/\/inkorgrup.com\/wp-content\/uploads\/2024\/12\/u-pvc-contali-ek-parcalar-1.jpeg\" alt=\"No alt text\" \/>            <\/div>\r\n                        <div class=\"icon__box-item-content\">\r\n                                <div class=\"title\">\r\n                                                                                    <p>U-PVC 22.5\u00b0 <br> SOCKET ELBOW F\/F\n<\/p>\r\n                                    <\/div>\r\n                            <\/div>\r\n        <\/div>\r\n\r\n        \t\t\t\t<\/div>\n\t\t\t\t<\/div>\n\t\t\t\t<div class=\"elementor-element elementor-element-c9fa271 elementor-widget elementor-widget-flexitype-image-box\" data-id=\"c9fa271\" data-element_type=\"widget\" data-e-type=\"widget\" data-widget_type=\"flexitype-image-box.default\">\n\t\t\t\t<div class=\"elementor-widget-container\">\n\t\t\t\t\t\r\n        <div class=\"icon__box-item box_image  custom_badge\">\r\n            <div class=\"icon__box-image\">\r\n                <img decoding=\"async\" src=\"http:\/\/inkorgrup.com\/wp-content\/uploads\/2024\/12\/u-pvc-contali-ek-parcalar-2.jpeg\" alt=\"No alt text\" \/>            <\/div>\r\n                        <div class=\"icon__box-item-content\">\r\n                                <div class=\"title\">\r\n                                                                                    <p>U-PVC 45\u00b0 <br> SOCKET ELBOW F\/F\n<\/p>\r\n                                    <\/div>\r\n                            <\/div>\r\n        <\/div>\r\n\r\n        \t\t\t\t<\/div>\n\t\t\t\t<\/div>\n\t\t\t\t<div class=\"elementor-element elementor-element-5c24eb7 elementor-widget elementor-widget-flexitype-image-box\" data-id=\"5c24eb7\" data-element_type=\"widget\" data-e-type=\"widget\" data-widget_type=\"flexitype-image-box.default\">\n\t\t\t\t<div class=\"elementor-widget-container\">\n\t\t\t\t\t\r\n        <div class=\"icon__box-item box_image  custom_badge\">\r\n            <div class=\"icon__box-image\">\r\n                <img decoding=\"async\" src=\"http:\/\/inkorgrup.com\/wp-content\/uploads\/2024\/12\/u-pvc-contali-ek-parcalar-3.jpeg\" alt=\"No alt text\" \/>            <\/div>\r\n                        <div class=\"icon__box-item-content\">\r\n                                <div class=\"title\">\r\n                                                                                    <p>U-PVC 90\u00b0 <br> SOCKET ELBOW M\/F\n<\/p>\r\n                                    <\/div>\r\n                            <\/div>\r\n        <\/div>\r\n\r\n        \t\t\t\t<\/div>\n\t\t\t\t<\/div>\n\t\t\t\t<div class=\"elementor-element elementor-element-6408b1e elementor-widget elementor-widget-flexitype-image-box\" data-id=\"6408b1e\" data-element_type=\"widget\" data-e-type=\"widget\" data-widget_type=\"flexitype-image-box.default\">\n\t\t\t\t<div class=\"elementor-widget-container\">\n\t\t\t\t\t\r\n        <div class=\"icon__box-item box_image  custom_badge\">\r\n            <div class=\"icon__box-image\">\r\n                <img decoding=\"async\" src=\"http:\/\/inkorgrup.com\/wp-content\/uploads\/2024\/12\/u-pvc-contali-ek-parcalar-4.jpeg\" alt=\"No alt text\" \/>            <\/div>\r\n                        <div class=\"icon__box-item-content\">\r\n                                <div class=\"title\">\r\n                                                                                    <p>U-PVC 90\u00b0 <br> SOCKET ELBOW F\/F\n<\/p>\r\n                                    <\/div>\r\n                            <\/div>\r\n        <\/div>\r\n\r\n        \t\t\t\t<\/div>\n\t\t\t\t<\/div>\n\t\t\t\t<div class=\"elementor-element elementor-element-d851ebc elementor-widget elementor-widget-flexitype-image-box\" data-id=\"d851ebc\" data-element_type=\"widget\" data-e-type=\"widget\" data-widget_type=\"flexitype-image-box.default\">\n\t\t\t\t<div class=\"elementor-widget-container\">\n\t\t\t\t\t\r\n        <div class=\"icon__box-item box_image  custom_badge\">\r\n            <div class=\"icon__box-image\">\r\n                <img decoding=\"async\" src=\"http:\/\/inkorgrup.com\/wp-content\/uploads\/2024\/12\/u-pvc-contali-ek-parcalar-5.jpeg\" alt=\"No alt text\" \/>            <\/div>\r\n                        <div class=\"icon__box-item-content\">\r\n                                <div class=\"title\">\r\n                                                                                    <p>U-PVC 90\u00b0 <br> SOCKET TEE M\/F\/F\n<\/p>\r\n                                    <\/div>\r\n                            <\/div>\r\n        <\/div>\r\n\r\n        \t\t\t\t<\/div>\n\t\t\t\t<\/div>\n\t\t\t\t<div class=\"elementor-element elementor-element-3083ed1 elementor-widget elementor-widget-flexitype-image-box\" data-id=\"3083ed1\" data-element_type=\"widget\" data-e-type=\"widget\" data-widget_type=\"flexitype-image-box.default\">\n\t\t\t\t<div class=\"elementor-widget-container\">\n\t\t\t\t\t\r\n        <div class=\"icon__box-item box_image  custom_badge\">\r\n            <div class=\"icon__box-image\">\r\n                <img decoding=\"async\" src=\"http:\/\/inkorgrup.com\/wp-content\/uploads\/2024\/12\/u-pvc-contali-ek-parcalar-6.jpeg\" alt=\"No alt text\" \/>            <\/div>\r\n                        <div class=\"icon__box-item-content\">\r\n                                <div class=\"title\">\r\n                                                                                    <p>U-PVC 90\u00b0 <br> SOCKET INEQUAL TEE M\/F\/F\n<\/p>\r\n                                    <\/div>\r\n                            <\/div>\r\n        <\/div>\r\n\r\n        \t\t\t\t<\/div>\n\t\t\t\t<\/div>\n\t\t\t\t<div class=\"elementor-element elementor-element-d59c247 elementor-widget elementor-widget-flexitype-image-box\" data-id=\"d59c247\" data-element_type=\"widget\" data-e-type=\"widget\" data-widget_type=\"flexitype-image-box.default\">\n\t\t\t\t<div class=\"elementor-widget-container\">\n\t\t\t\t\t\r\n        <div class=\"icon__box-item box_image  custom_badge\">\r\n            <div class=\"icon__box-image\">\r\n                <img decoding=\"async\" src=\"http:\/\/inkorgrup.com\/wp-content\/uploads\/2024\/12\/u-pvc-contali-ek-parcalar-7.jpeg\" alt=\"No alt text\" \/>            <\/div>\r\n                        <div class=\"icon__box-item-content\">\r\n                                <div class=\"title\">\r\n                                                                                    <p>U-PVC 90\u00b0 <br> SOCKET ELBOW <br> F\/F\/F\n<\/p>\r\n                                    <\/div>\r\n                            <\/div>\r\n        <\/div>\r\n\r\n        \t\t\t\t<\/div>\n\t\t\t\t<\/div>\n\t\t\t\t<div class=\"elementor-element elementor-element-8f5376d elementor-widget elementor-widget-flexitype-image-box\" data-id=\"8f5376d\" data-element_type=\"widget\" data-e-type=\"widget\" data-widget_type=\"flexitype-image-box.default\">\n\t\t\t\t<div class=\"elementor-widget-container\">\n\t\t\t\t\t\r\n        <div class=\"icon__box-item box_image  custom_badge\">\r\n            <div class=\"icon__box-image\">\r\n                <img decoding=\"async\" src=\"http:\/\/inkorgrup.com\/wp-content\/uploads\/2024\/12\/u-pvc-contali-ek-parcalar-8.jpeg\" alt=\"No alt text\" \/>            <\/div>\r\n                        <div class=\"icon__box-item-content\">\r\n                                <div class=\"title\">\r\n                                                                                    <p>U-PVC 90\u00b0 <br> SOCKET INEQUAL <br> TEE F\/F\/F\n<\/p>\r\n                                    <\/div>\r\n                            <\/div>\r\n        <\/div>\r\n\r\n        \t\t\t\t<\/div>\n\t\t\t\t<\/div>\n\t\t\t\t<div class=\"elementor-element elementor-element-6a92f06 elementor-widget elementor-widget-flexitype-image-box\" data-id=\"6a92f06\" data-element_type=\"widget\" data-e-type=\"widget\" data-widget_type=\"flexitype-image-box.default\">\n\t\t\t\t<div class=\"elementor-widget-container\">\n\t\t\t\t\t\r\n        <div class=\"icon__box-item box_image  custom_badge\">\r\n            <div class=\"icon__box-image\">\r\n                <img decoding=\"async\" src=\"http:\/\/inkorgrup.com\/wp-content\/uploads\/2024\/12\/u-pvc-contali-ek-parcalar-9.jpeg\" alt=\"No alt text\" \/>            <\/div>\r\n                        <div class=\"icon__box-item-content\">\r\n                                <div class=\"title\">\r\n                                                                                    <p>U-PVC 90\u00b0 <br> SOCKET FLANGED CONNECTION <br> TEE M\/F\n<\/p>\r\n                                    <\/div>\r\n                            <\/div>\r\n        <\/div>\r\n\r\n        \t\t\t\t<\/div>\n\t\t\t\t<\/div>\n\t\t\t\t<div class=\"elementor-element elementor-element-48983b5 elementor-widget elementor-widget-flexitype-image-box\" data-id=\"48983b5\" data-element_type=\"widget\" data-e-type=\"widget\" data-widget_type=\"flexitype-image-box.default\">\n\t\t\t\t<div class=\"elementor-widget-container\">\n\t\t\t\t\t\r\n        <div class=\"icon__box-item box_image  custom_badge\">\r\n            <div class=\"icon__box-image\">\r\n                <img decoding=\"async\" src=\"http:\/\/inkorgrup.com\/wp-content\/uploads\/2024\/12\/u-pvc-contali-ek-parcalar-10.jpeg\" alt=\"No alt text\" \/>            <\/div>\r\n                        <div class=\"icon__box-item-content\">\r\n                                <div class=\"title\">\r\n                                                                                    <p>U-PVC 90\u00b0 <br> SOCKET FLANGED CONNECTION INEQUAL TEE M\/F\n<\/p>\r\n                                    <\/div>\r\n                            <\/div>\r\n        <\/div>\r\n\r\n        \t\t\t\t<\/div>\n\t\t\t\t<\/div>\n\t\t\t\t<div class=\"elementor-element elementor-element-667e568 elementor-widget elementor-widget-flexitype-image-box\" data-id=\"667e568\" data-element_type=\"widget\" data-e-type=\"widget\" data-widget_type=\"flexitype-image-box.default\">\n\t\t\t\t<div class=\"elementor-widget-container\">\n\t\t\t\t\t\r\n        <div class=\"icon__box-item box_image  custom_badge\">\r\n            <div class=\"icon__box-image\">\r\n                <img decoding=\"async\" src=\"http:\/\/inkorgrup.com\/wp-content\/uploads\/2024\/12\/u-pvc-contali-ek-parcalar-11.jpeg\" alt=\"No alt text\" \/>            <\/div>\r\n                        <div class=\"icon__box-item-content\">\r\n                                <div class=\"title\">\r\n                                                                                    <p>U-PVC SOCKET <br> FLANGED CONNECTION <br> COUPLING F\n<\/p>\r\n                                    <\/div>\r\n                            <\/div>\r\n        <\/div>\r\n\r\n        \t\t\t\t<\/div>\n\t\t\t\t<\/div>\n\t\t\t\t<div class=\"elementor-element elementor-element-ddaf9de elementor-widget elementor-widget-flexitype-image-box\" data-id=\"ddaf9de\" data-element_type=\"widget\" data-e-type=\"widget\" data-widget_type=\"flexitype-image-box.default\">\n\t\t\t\t<div class=\"elementor-widget-container\">\n\t\t\t\t\t\r\n        <div class=\"icon__box-item box_image  custom_badge\">\r\n            <div class=\"icon__box-image\">\r\n                <img decoding=\"async\" src=\"http:\/\/inkorgrup.com\/wp-content\/uploads\/2024\/12\/u-pvc-contali-ek-parcalar-12.jpeg\" alt=\"No alt text\" \/>            <\/div>\r\n                        <div class=\"icon__box-item-content\">\r\n                                <div class=\"title\">\r\n                                                                                    <p>U-PVC SOCKET <br> FLANGED CONNECTION <br> COUPLING F\n<\/p>\r\n                                    <\/div>\r\n                            <\/div>\r\n        <\/div>\r\n\r\n        \t\t\t\t<\/div>\n\t\t\t\t<\/div>\n\t\t\t\t<div class=\"elementor-element elementor-element-fbf8228 elementor-widget elementor-widget-flexitype-image-box\" data-id=\"fbf8228\" data-element_type=\"widget\" data-e-type=\"widget\" data-widget_type=\"flexitype-image-box.default\">\n\t\t\t\t<div class=\"elementor-widget-container\">\n\t\t\t\t\t\r\n        <div class=\"icon__box-item box_image  custom_badge\">\r\n            <div class=\"icon__box-image\">\r\n                <img decoding=\"async\" src=\"http:\/\/inkorgrup.com\/wp-content\/uploads\/2024\/12\/u-pvc-contali-ek-parcalar-13.jpeg\" alt=\"No alt text\" \/>            <\/div>\r\n                        <div class=\"icon__box-item-content\">\r\n                                <div class=\"title\">\r\n                                                                                    <p>U-PVC SOCKET REDUCED COUPLING F\/F\n<\/p>\r\n                                    <\/div>\r\n                            <\/div>\r\n        <\/div>\r\n\r\n        \t\t\t\t<\/div>\n\t\t\t\t<\/div>\n\t\t\t\t<\/div>\n\t\t\t\t\t<\/div>\n\t\t\t\t<\/div>\n\t\t\t\t<\/div>\n\t\t","protected":false},"excerpt":{"rendered":"<p>U-PVC Gasketed Fittings U-PVC Borular U-PVC Yap\u0131\u015ft\u0131rma Muflu Ek Par\u00e7alar U-PVC Contal\u0131 Ek Par\u00e7alar U-PVC K\u00fcresel Vanalar U-PVC 22.5\u00b0 SOCKET ELBOW F\/F U-PVC 45\u00b0 SOCKET ELBOW F\/F U-PVC 90\u00b0 SOCKET ELBOW M\/F U-PVC 90\u00b0 SOCKET ELBOW F\/F U-PVC 90\u00b0 SOCKET TEE M\/F\/F U-PVC 90\u00b0 SOCKET INEQUAL TEE M\/F\/F U-PVC 90\u00b0 SOCKET ELBOW F\/F\/F U-PVC 90\u00b0 [&hellip;]<\/p>\n","protected":false},"author":1,"featured_media":0,"parent":0,"menu_order":0,"comment_status":"closed","ping_status":"closed","template":"elementor_header_footer","meta":{"footnotes":""},"class_list":["post-10070","page","type-page","status-publish","hentry"],"_links":{"self":[{"href":"https:\/\/www.inkorgrup.com\/en\/wp-json\/wp\/v2\/pages\/10070","targetHints":{"allow":["GET"]}}],"collection":[{"href":"https:\/\/www.inkorgrup.com\/en\/wp-json\/wp\/v2\/pages"}],"about":[{"href":"https:\/\/www.inkorgrup.com\/en\/wp-json\/wp\/v2\/types\/page"}],"author":[{"embeddable":true,"href":"https:\/\/www.inkorgrup.com\/en\/wp-json\/wp\/v2\/users\/1"}],"replies":[{"embeddable":true,"href":"https:\/\/www.inkorgrup.com\/en\/wp-json\/wp\/v2\/comments?post=10070"}],"version-history":[{"count":7,"href":"https:\/\/www.inkorgrup.com\/en\/wp-json\/wp\/v2\/pages\/10070\/revisions"}],"predecessor-version":[{"id":13966,"href":"https:\/\/www.inkorgrup.com\/en\/wp-json\/wp\/v2\/pages\/10070\/revisions\/13966"}],"wp:attachment":[{"href":"https:\/\/www.inkorgrup.com\/en\/wp-json\/wp\/v2\/media?parent=10070"}],"curies":[{"name":"wp","href":"https:\/\/api.w.org\/{rel}","templated":true}]}}