{"id":10464,"date":"2025-06-12T11:13:57","date_gmt":"2025-06-12T08:13:57","guid":{"rendered":"https:\/\/www.inkorgrup.com\/w500-plastik-boru-hidrolik-alin-kaynak-makinesi\/"},"modified":"2025-08-04T16:28:27","modified_gmt":"2025-08-04T13:28:27","slug":"w500-plastic-pipe-hydraulic-butt-welding-machine","status":"publish","type":"page","link":"https:\/\/www.inkorgrup.com\/en\/w500-plastic-pipe-hydraulic-butt-welding-machine","title":{"rendered":"500 Plastic Pipe Hydraulic Butt Welding Machine"},"content":{"rendered":"\t\t<div data-elementor-type=\"wp-page\" data-elementor-id=\"10464\" class=\"elementor elementor-10464 elementor-6507\">\n\t\t\t\t<div class=\"elementor-element elementor-element-f8a5692 e-flex e-con-boxed e-con e-parent\" data-id=\"f8a5692\" data-element_type=\"container\" data-e-type=\"container\" data-settings=\"{&quot;background_background&quot;:&quot;classic&quot;}\">\n\t\t\t\t\t<div class=\"e-con-inner\">\n\t\t\t\t<div class=\"elementor-element elementor-element-d5894d8 elementor-widget elementor-widget-heading\" data-id=\"d5894d8\" data-element_type=\"widget\" data-e-type=\"widget\" data-widget_type=\"heading.default\">\n\t\t\t\t<div class=\"elementor-widget-container\">\n\t\t\t\t\t<h1 class=\"elementor-heading-title elementor-size-default\">500 Plastic Pipe Hydraulic <br> Butt Fusion Machine\n<\/h1>\t\t\t\t<\/div>\n\t\t\t\t<\/div>\n\t\t\t\t\t<\/div>\n\t\t\t\t<\/div>\n\t\t<div class=\"elementor-element elementor-element-a3ffb35 e-flex e-con-boxed e-con e-parent\" data-id=\"a3ffb35\" data-element_type=\"container\" data-e-type=\"container\">\n\t\t\t\t\t<div class=\"e-con-inner\">\n\t\t<div class=\"elementor-element elementor-element-5f3ce8a e-con-full sidebar-menu-product e-flex e-con e-child\" data-id=\"5f3ce8a\" data-element_type=\"container\" data-e-type=\"container\">\n\t\t<div class=\"normal flexitype_sticky elementor-element elementor-element-b731fc9 e-con-full e-grid elementor-hidden-mobile e-con e-child\" data-id=\"b731fc9\" data-element_type=\"container\" data-e-type=\"container\" data-settings=\"{&quot;background_background&quot;:&quot;classic&quot;}\">\n\t\t\t\t<div class=\"elementor-element elementor-element-a03cd7f sidebar-baslik elementor-widget elementor-widget-heading\" data-id=\"a03cd7f\" data-element_type=\"widget\" data-e-type=\"widget\" data-widget_type=\"heading.default\">\n\t\t\t\t<div class=\"elementor-widget-container\">\n\t\t\t\t\t<div class=\"elementor-heading-title elementor-size-default\">BUTT WELDING MACHINES<\/div>\t\t\t\t<\/div>\n\t\t\t\t<\/div>\n\t\t\t\t<div class=\"elementor-element elementor-element-c7c9745 elementor-widget elementor-widget-flexitype-verticalmenu\" data-id=\"c7c9745\" data-element_type=\"widget\" data-e-type=\"widget\" data-widget_type=\"flexitype-verticalmenu.default\">\n\t\t\t\t<div class=\"elementor-widget-container\">\n\t\t\t\t\t        \r\n        <div class=\"vertical-menu vertical_menu-519\">\r\n            <div class=\"menu-alin-kaynak-makinalari-en-container\"><ul id=\"mobilemenu\" class=\"d-block\"><li id=\"menu-item-10919\" class=\"menu-item menu-item-type-post_type menu-item-object-page menu-item-10919\"><a href=\"https:\/\/www.inkorgrup.com\/en\/mhtw160-manual-hydraulic-plastic-pipe-butt-welding-machine\">160 Manual Hydraulic Plastic Pipe Butt Welding Machine<\/a><\/li>\n<li id=\"menu-item-10920\" class=\"menu-item menu-item-type-post_type menu-item-object-page menu-item-10920\"><a href=\"https:\/\/www.inkorgrup.com\/en\/mhw160-plastic-pipe-manual-hydraulic-butt-welding-machine\">160 Plastic Pipe Manual Hydraulic Butt Welding Machine<\/a><\/li>\n<li id=\"menu-item-10924\" class=\"menu-item menu-item-type-post_type menu-item-object-page menu-item-10924\"><a href=\"https:\/\/www.inkorgrup.com\/en\/w160-plastic-pipe-hydraulic-butt-welding-machine\">160 Plastic Pipe Hydraulic  Butt Welding Machine<\/a><\/li>\n<li id=\"menu-item-10921\" class=\"menu-item menu-item-type-post_type menu-item-object-page menu-item-10921\"><a href=\"https:\/\/www.inkorgrup.com\/en\/mhw250-plastic-pipe-manual-hydraulic-butt-welding-machine\">250 Plastic Pipe Manual Hydraulic Butt Welding Machine<\/a><\/li>\n<li id=\"menu-item-10927\" class=\"menu-item menu-item-type-post_type menu-item-object-page menu-item-10927\"><a href=\"https:\/\/www.inkorgrup.com\/en\/w250-plastic-pipe-hydraulic-butt-welding-machine\">250 Plastic Pipe Hydraulic Butt Welding Machine<\/a><\/li>\n<li id=\"menu-item-10922\" class=\"menu-item menu-item-type-post_type menu-item-object-page menu-item-10922\"><a href=\"https:\/\/www.inkorgrup.com\/en\/mhw315-plastic-pipe-manual-hydraulic-butt-welding-machine\">MHW315 Plastic Pipe Manual Hydraulic Butt Welding Machine<\/a><\/li>\n<li id=\"menu-item-10930\" class=\"menu-item menu-item-type-post_type menu-item-object-page menu-item-10930\"><a href=\"https:\/\/www.inkorgrup.com\/en\/w315-plastic-pipe-hydraulic-butt-welding-machine\">315 Plastic Pipe Hydraulic Butt Welding Machine<\/a><\/li>\n<li id=\"menu-item-10931\" class=\"menu-item menu-item-type-post_type menu-item-object-page menu-item-10931\"><a href=\"https:\/\/www.inkorgrup.com\/en\/w400-plastic-pipe-hydraulic-butt-welding-machine\">400 Plastic Pipe Hydraulic Butt Welding Machine<\/a><\/li>\n<li id=\"menu-item-10932\" class=\"menu-item menu-item-type-post_type menu-item-object-page menu-item-10932\"><a href=\"https:\/\/www.inkorgrup.com\/en\/w400m-plastic-pipe-single-phase-hydraulic-butt-welding-machine\">400M Plastic Pipe Single-Phase Hydraulic Butt Welding Machine<\/a><\/li>\n<li id=\"menu-item-10933\" class=\"menu-item menu-item-type-post_type menu-item-object-page menu-item-10933\"><a href=\"https:\/\/www.inkorgrup.com\/en\/w500-plastic-pipe-hydraulic-butt-welding-machine\">500 Plastic Pipe Hydraulic Butt Welding Machine<\/a><\/li>\n<li id=\"menu-item-10934\" class=\"menu-item menu-item-type-post_type menu-item-object-page menu-item-10934\"><a href=\"https:\/\/www.inkorgrup.com\/en\/w630-plastic-pipe-hydraulic-butt-welding-machine\">630 Plastic Pipe Hydraulic Butt Welding Machine<\/a><\/li>\n<li id=\"menu-item-10935\" class=\"menu-item menu-item-type-post_type menu-item-object-page menu-item-10935\"><a href=\"https:\/\/www.inkorgrup.com\/en\/w800-plastic-pipe-hydraulic-butt-welding-machine\">800 Plastic Pipe Hydraulic Butt Welding Machine<\/a><\/li>\n<li id=\"menu-item-14470\" class=\"menu-item menu-item-type-post_type menu-item-object-page menu-item-14470\"><a href=\"https:\/\/www.inkorgrup.com\/en\/w1000-plastic-pipe-hydraulic-butt-fusion-machine\">1000 Plastic Pipe Hydraulic  Butt Fusion Machine<\/a><\/li>\n<li id=\"menu-item-10923\" class=\"menu-item menu-item-type-post_type menu-item-object-page menu-item-10923\"><a href=\"https:\/\/www.inkorgrup.com\/en\/w1200-plastic-pipe-hydraulic-butt-welding-machine\">1200 Plastic Pipe Hydraulic Butt Welding Machine<\/a><\/li>\n<li id=\"menu-item-10925\" class=\"menu-item menu-item-type-post_type menu-item-object-page menu-item-10925\"><a href=\"https:\/\/www.inkorgrup.com\/en\/w1600-plastic-pipe-hydraulic-butt-welding-machine\">1600 Plastic Pipe Hydraulic Butt Welding Machine<\/a><\/li>\n<li id=\"menu-item-10926\" class=\"menu-item menu-item-type-post_type menu-item-object-page menu-item-10926\"><a href=\"https:\/\/www.inkorgrup.com\/en\/w2000-plastic-pipe-hydraulic-butt-welding-machine\">2000 Plastic Pipe Hydraulic Butt Welding Machine<\/a><\/li>\n<li id=\"menu-item-10928\" class=\"menu-item menu-item-type-post_type menu-item-object-page menu-item-10928\"><a href=\"https:\/\/www.inkorgrup.com\/en\/w2500-plastic-pipe-hydraulic-butt-welding-machine\">2500 Plastic Pipe Hydraulic Butt Welding Machine<\/a><\/li>\n<li id=\"menu-item-10929\" class=\"menu-item menu-item-type-post_type menu-item-object-page menu-item-10929\"><a href=\"https:\/\/www.inkorgrup.com\/en\/w2800-plastic-pipe-manual-hydraulic-butt-welding-machine\">2800 Plastic Pipe Manual Hydraulic Butt Welding Machine<\/a><\/li>\n<\/ul><\/div>        <\/div>\r\n        \r\n        <script>\r\n            (function ($) {\r\n                \"use strict\";\r\n                $(document).ready(function () {\r\n                    \/\/\/============= * Responsive Menu Toggle  =============\\\\\\\r\n                    var mobileItems = jQuery('.vertical_menu-519');\r\n                    mobileItems.find('ul li.menu-item-has-children').append('<span class=\"mobile-arrows fa-solid fa-plus\"><\/span>');\r\n                                            \r\n                    jQuery(\".vertical_menu-519 .mobile-arrows\").click(function() {\r\n                        jQuery(this).parent().find('ul:first').slideToggle(300);\r\n                        jQuery(this).parent().find('> .mobile-arrows').toggleClass('is-open');\r\n                    });\r\n                });\r\n            })(jQuery);\r\n        <\/script>\r\n        \t\t\t\t<\/div>\n\t\t\t\t<\/div>\n\t\t\t\t<\/div>\n\t\t\t\t<\/div>\n\t\t<div class=\"elementor-element elementor-element-6708f22 e-con-full sidebar-menu-product e-flex e-con e-child\" data-id=\"6708f22\" data-element_type=\"container\" data-e-type=\"container\">\n\t\t<div class=\"normal flexitype_sticky elementor-element elementor-element-beee4c0 e-con-full e-grid e-con e-child\" data-id=\"beee4c0\" data-element_type=\"container\" data-e-type=\"container\">\n\t\t\t\t<div class=\"elementor-element elementor-element-a9f13a6 slider-slide_box_yes elementor-widget elementor-widget-flexitype-image-slider\" data-id=\"a9f13a6\" data-element_type=\"widget\" data-e-type=\"widget\" data-widget_type=\"flexitype-image-slider.default\">\n\t\t\t\t<div class=\"elementor-widget-container\">\n\t\t\t\t\t\r\n        <div class=\"flexitype_slider \">\r\n            <div class=\"swiper flexitype_slide542 slide_box\">\r\n                <div class=\"swiper-wrapper\">\r\n                                            <div class=\"swiper-slide\">\r\n                            <div class=\"flexitype_image_slider-item visibility_hidden\">\r\n                                <img decoding=\"async\" src=\"http:\/\/inkorgrup.com\/wp-content\/uploads\/2025\/06\/w500-plastik-boru-hidrolik-alin-kaynak-makinesi-1-1-2.jpg\" alt=\"image\">\r\n                                <div class=\"flexitype_image_slider-item-content\">\r\n                                    <div\r\n                                        class=\"flexitype_image_slider-item-area inline\">\r\n                                        <div class=\"flexitype_image_slider-item-area-icon\">\r\n                                                                                    <\/div>\r\n                                        <div>\r\n                                                                                                                                                                            <\/div>\r\n                                    <\/div>\r\n                                <\/div>\r\n                            <\/div>\r\n                        <\/div>\r\n                                            <div class=\"swiper-slide\">\r\n                            <div class=\"flexitype_image_slider-item visibility_hidden\">\r\n                                <img decoding=\"async\" src=\"http:\/\/inkorgrup.com\/wp-content\/uploads\/2025\/06\/w500-plastik-boru-hidrolik-alin-kaynak-makinesi-2.jpg\" alt=\"image\">\r\n                                <div class=\"flexitype_image_slider-item-content\">\r\n                                    <div\r\n                                        class=\"flexitype_image_slider-item-area inline\">\r\n                                        <div class=\"flexitype_image_slider-item-area-icon\">\r\n                                                                                    <\/div>\r\n                                        <div>\r\n                                                                                                                                                                            <\/div>\r\n                                    <\/div>\r\n                                <\/div>\r\n                            <\/div>\r\n                        <\/div>\r\n                                            <div class=\"swiper-slide\">\r\n                            <div class=\"flexitype_image_slider-item visibility_hidden\">\r\n                                <img decoding=\"async\" src=\"http:\/\/inkorgrup.com\/wp-content\/uploads\/2025\/06\/w500-plastik-boru-hidrolik-alin-kaynak-makinesi-3.jpg\" alt=\"image\">\r\n                                <div class=\"flexitype_image_slider-item-content\">\r\n                                    <div\r\n                                        class=\"flexitype_image_slider-item-area inline\">\r\n                                        <div class=\"flexitype_image_slider-item-area-icon\">\r\n                                                                                    <\/div>\r\n                                        <div>\r\n                                                                                                                                                                            <\/div>\r\n                                    <\/div>\r\n                                <\/div>\r\n                            <\/div>\r\n                        <\/div>\r\n                                            <div class=\"swiper-slide\">\r\n                            <div class=\"flexitype_image_slider-item visibility_hidden\">\r\n                                <img decoding=\"async\" src=\"http:\/\/inkorgrup.com\/wp-content\/uploads\/2025\/06\/w500-plastik-boru-hidrolik-alin-kaynak-makinesi-4.jpg\" alt=\"image\">\r\n                                <div class=\"flexitype_image_slider-item-content\">\r\n                                    <div\r\n                                        class=\"flexitype_image_slider-item-area inline\">\r\n                                        <div class=\"flexitype_image_slider-item-area-icon\">\r\n                                                                                    <\/div>\r\n                                        <div>\r\n                                                                                                                                                                            <\/div>\r\n                                    <\/div>\r\n                                <\/div>\r\n                            <\/div>\r\n                        <\/div>\r\n                                            <div class=\"swiper-slide\">\r\n                            <div class=\"flexitype_image_slider-item visibility_hidden\">\r\n                                <img decoding=\"async\" src=\"http:\/\/inkorgrup.com\/wp-content\/uploads\/2025\/06\/w500-plastik-boru-hidrolik-alin-kaynak-makinesi-5.jpg\" alt=\"image\">\r\n                                <div class=\"flexitype_image_slider-item-content\">\r\n                                    <div\r\n                                        class=\"flexitype_image_slider-item-area inline\">\r\n                                        <div class=\"flexitype_image_slider-item-area-icon\">\r\n                                                                                    <\/div>\r\n                                        <div>\r\n                                                                                                                                                                            <\/div>\r\n                                    <\/div>\r\n                                <\/div>\r\n                            <\/div>\r\n                        <\/div>\r\n                                    <\/div>\r\n            <\/div>\r\n                            <div class=\"flexitype_slider-arrow arrow_middle\">\r\n                    <div class=\"flexitype_slider-arrow-prev swiper-button-prev-sliderid\">\r\n                        <i class=\"fas fa-chevron-left\"><\/i>\r\n                    <\/div>\r\n                    <div class=\"flexitype_slider-arrow-next swiper-button-next-sliderid\">\r\n                        <i class=\"fas fa-chevron-right\"><\/i>\r\n                    <\/div>\r\n                <\/div>\r\n                                <\/div>\r\n        <script>\r\n            (function ($) {\r\n                \"use strict\";\r\n                $(document).ready(function () {\r\n                    var autoplayOption = \"yes\";\r\n                    var enableAutoplay = (autoplayOption === 'yes');\r\n                    var swiper = new Swiper(\".flexitype_slide542\", {\r\n                        loop: true,\r\n                        spaceBetween: 30,\r\n                        speed: 500,\r\n                        autoplay: enableAutoplay ? {\r\n                            delay: 4000,\r\n                            reverseDirection: false,\r\n                            disableOnInteraction: false,\r\n                        } : false,\r\n                        navigation: {\r\n                            prevEl: '.swiper-button-prev-sliderid',\r\n                            nextEl: '.swiper-button-next-sliderid',\r\n                        },\r\n                        pagination: {\r\n                            el: \".flexitype_slide_dots-sliderid\",\r\n                            clickable: true,\r\n                        },\r\n                        breakpoints: {\r\n                            0: {\r\n                                slidesPerView: 1,\r\n                            },\r\n                            768: {\r\n                                slidesPerView: 1,\r\n                            },\r\n                            1025: {\r\n                                slidesPerView: 1,\r\n                            },\r\n                            1600: {\r\n                                slidesPerView: 1,\r\n                            },\r\n                        },\r\n                        centeredSlides: \"\",\r\n                    });\r\n                });\r\n            })(jQuery);\r\n        <\/script>\r\n        \t\t\t\t<\/div>\n\t\t\t\t<\/div>\n\t\t\t\t<div class=\"elementor-element elementor-element-b331b4d elementor-widget elementor-widget-text-editor\" data-id=\"b331b4d\" data-element_type=\"widget\" data-e-type=\"widget\" data-widget_type=\"text-editor.default\">\n\t\t\t\t<div class=\"elementor-widget-container\">\n\t\t\t\t\t\t\t\t\t<ul><li>Used for welding PE \u2013 PP \u2013 PVDF pipes and fittings with diameters 180 \u2013 200 \u2013 225 \u2013 250 \u2013 280 \u2013 315 \u2013 355 \u2013 400 \u2013 450 \u2013 500 mm up to 32 Bar pressure.<\/li><li>Provides strong, easy, and fast welding with the shortest operational setup, compliant with ISO 12176 \u2013 1 international standards.<\/li><li>Lightweight design enables easy handling.<\/li><li>Designed for a maximum working pressure of 150 Bar.<\/li><li>Suitable for operation in ambient temperatures from -10\u00b0C to +40\u00b0C.<\/li><\/ul><h4>W500 Butt Welding Machine Body<\/h4><p><img fetchpriority=\"high\" decoding=\"async\" class=\"alignleft\" src=\"http:\/\/inkorgrup.com\/wp-content\/uploads\/2025\/06\/w500-plastik-boru-hidrolik-alin-kaynak-makinesi-v2-2-2.jpg\" alt=\"\" width=\"380\" height=\"241\" \/><\/p><p>The main body supports, secures, and centers the plastic pipes to be welded using two movable and two fixed clamps.<\/p><p>Hydraulic pressure force is applied to the system. Two pistons on the carrier shaft direct the movable clamps forward and backward, providing the movement required for the welding process.<\/p><h4>W500 Butt Welding Machine Trimmer<\/h4><p><img decoding=\"async\" class=\"alignright\" src=\"http:\/\/inkorgrup.com\/wp-content\/uploads\/2025\/06\/w500-plastik-boru-hidrolik-alin-kaynak-makinesi-3-300x190.jpg\" alt=\"\" width=\"380\" height=\"241\" \/><\/p><p>With two rotary blades on the left and right, the trimmer cleans the pipe ends fixed and centered on the main body before heating, preparing them for welding.<\/p><p>The trimmer\u2019s rotation is powered by the motor and gearbox assembly.<\/p><p>The W500 trimmer unit produces burr-free and parallel pipe surfaces.<\/p><h2>W500 Butt Welding Machine Heater<\/h2><p><img decoding=\"async\" class=\"alignleft\" src=\"http:\/\/inkorgrup.com\/wp-content\/uploads\/2025\/06\/w500-plastik-boru-hidrolik-alin-kaynak-makinesi-4.jpg\" alt=\"\" width=\"380\" height=\"241\" \/><\/p><p>The heater warms the pipe ends, smoothed by trimming, using a heating plate to prepare them for joining.<\/p><p>Temperature adjustment is done via a digital thermostat on the heating plate.<\/p><h4>W500 Hydraulic and Electric Control Unit<\/h4><p><img loading=\"lazy\" decoding=\"async\" class=\"alignright\" src=\"http:\/\/inkorgrup.com\/wp-content\/uploads\/2025\/06\/w500-plastik-boru-hidrolik-alin-kaynak-makinesi-5.jpg\" alt=\"\" width=\"380\" height=\"241\" \/><\/p><p>The electric and hydraulic control unit supplies electricity to the heater and trimmer and hydraulic pressure to the main machine. It is operated via a handheld remote control.<\/p><p>The remote has four buttons and one switch. The buttons move the clamps forward and backward, and the switch operates the trimmer.<\/p><h4>W500 Butt Welding Machine Protective Casing<\/h4><p><img loading=\"lazy\" decoding=\"async\" class=\"alignleft\" src=\"http:\/\/inkorgrup.com\/wp-content\/uploads\/2025\/06\/w500-plastik-boru-hidrolik-alin-kaynak-makinesi-6.jpg\" alt=\"\" width=\"380\" height=\"241\" \/><\/p><p>The protective and support casing prevents heat loss from the heater and protects the trimmer and heater from external impacts (such as shocks and water).<\/p><p>\u00a0<\/p><p>\u00a0<\/p><p>\u00a0<\/p><table><thead><tr><th style=\"background-color: #f7f7f7; text-align: center;\" colspan=\"2\">Technical Specifications<\/th><\/tr><\/thead><tbody><tr><td>Welding Range<\/td><td>\u00d8 180 mm \u2013 \u00d8 500 mm (\u00d8180 mm, \u00d8200 mm, \u00d8225 mm, \u00d8250 mm, \u00d8280 mm, \u00d8315 mm, \u00d8355 mm, \u00d8400 mm, \u00d8450 mm, \u00d8500 mm)<\/td><\/tr><tr><td>Pipe Types to Weld<\/td><td>PE \u2013 PP \u2013 PVDF<\/td><\/tr><tr><td>Pipe Max. Pressure<\/td><td>PN32<\/td><\/tr><tr><td>Heater Electric Power<\/td><td>380 V \u2013 5.5 kW<\/td><\/tr><tr><td>Trimmer Electric Power<\/td><td>380 V \u2013 1.1 kW<\/td><\/tr><tr><td>Power of Hydraulic Unit<\/td><td>380 V \u2013 1.1 kW<\/td><\/tr><tr><td>Electric System<\/td><td>Three-Phase<\/td><\/tr><tr><td>Total Electricity Consumption<\/td><td>7.35 kW<\/td><\/tr><tr><td>Operating Pressure<\/td><td>150 Bar<\/td><\/tr><tr><td>Required Generator Power<\/td><td>12 kVA<\/td><\/tr><tr><td>Working Temperature<\/td><td>-10\u00b0C ~ +40\u00b0C<\/td><\/tr><tr><td>Hydraulic Oil<\/td><td>Hydraulic 46 \/ 4 liters<\/td><\/tr><tr><th style=\"background-color: #f7f7f7; text-align: center;\" colspan=\"2\">Content<\/th><\/tr><tr><td>User Manual<\/td><td>1 pc<\/td><\/tr><tr><td>Main Body<\/td><td>1 pc<\/td><\/tr><tr><td>Trimmer<\/td><td>1 pc<\/td><\/tr><tr><td>Heater<\/td><td>1 pc<\/td><\/tr><tr><td>Protective Casing<\/td><td>1 pc<\/td><\/tr><tr><td>Stuffer<\/td><td>72 pcs<\/td><\/tr><tr><td>Tool Bag<\/td><td>1 pc<\/td><\/tr><tr><th style=\"background-color: #f7f7f7; text-align: center;\" colspan=\"2\">Packaging Details<\/th><\/tr><tr><td>Type of Package<\/td><td>Wooden Case<\/td><\/tr><tr><td>Number of Packages<\/td><td>1 pack<\/td><\/tr><tr><td>Dimensions<\/td><td>143 x 137 x 127 cm<\/td><\/tr><tr><td>Total Volume<\/td><td>2.45 m\u00b3<\/td><\/tr><tr><td>Total Net Weight<\/td><td>391 kg<\/td><\/tr><tr><td>Total Gross Weight<\/td><td>467 kg<\/td><\/tr><\/tbody><\/table>\t\t\t\t\t\t\t\t<\/div>\n\t\t\t\t<\/div>\n\t\t\t\t<\/div>\n\t\t\t\t<\/div>\n\t\t\t\t\t<\/div>\n\t\t\t\t<\/div>\n\t\t\t\t<\/div>\n\t\t","protected":false},"excerpt":{"rendered":"<p>500 Plastic Pipe Hydraulic Butt Fusion Machine BUTT WELDING MACHINES 160 Manual Hydraulic Plastic Pipe Butt Welding Machine 160 Plastic Pipe Manual Hydraulic Butt Welding Machine 160 Plastic Pipe Hydraulic Butt Welding Machine 250 Plastic Pipe Manual Hydraulic Butt Welding Machine 250 Plastic Pipe Hydraulic Butt Welding Machine MHW315 Plastic Pipe Manual Hydraulic Butt Welding [&hellip;]<\/p>\n","protected":false},"author":1,"featured_media":0,"parent":0,"menu_order":0,"comment_status":"closed","ping_status":"closed","template":"elementor_header_footer","meta":{"footnotes":""},"class_list":["post-10464","page","type-page","status-publish","hentry"],"_links":{"self":[{"href":"https:\/\/www.inkorgrup.com\/en\/wp-json\/wp\/v2\/pages\/10464","targetHints":{"allow":["GET"]}}],"collection":[{"href":"https:\/\/www.inkorgrup.com\/en\/wp-json\/wp\/v2\/pages"}],"about":[{"href":"https:\/\/www.inkorgrup.com\/en\/wp-json\/wp\/v2\/types\/page"}],"author":[{"embeddable":true,"href":"https:\/\/www.inkorgrup.com\/en\/wp-json\/wp\/v2\/users\/1"}],"replies":[{"embeddable":true,"href":"https:\/\/www.inkorgrup.com\/en\/wp-json\/wp\/v2\/comments?post=10464"}],"version-history":[{"count":15,"href":"https:\/\/www.inkorgrup.com\/en\/wp-json\/wp\/v2\/pages\/10464\/revisions"}],"predecessor-version":[{"id":15327,"href":"https:\/\/www.inkorgrup.com\/en\/wp-json\/wp\/v2\/pages\/10464\/revisions\/15327"}],"wp:attachment":[{"href":"https:\/\/www.inkorgrup.com\/en\/wp-json\/wp\/v2\/media?parent=10464"}],"curies":[{"name":"wp","href":"https:\/\/api.w.org\/{rel}","templated":true}]}}