{"id":11457,"date":"2025-04-14T10:58:07","date_gmt":"2025-04-14T07:58:07","guid":{"rendered":"https:\/\/www.inkorgrup.com\/?page_id=11457"},"modified":"2025-06-30T14:29:23","modified_gmt":"2025-06-30T11:29:23","slug":"double-pe-splitter","status":"publish","type":"page","link":"https:\/\/www.inkorgrup.com\/ru\/double-pe-splitter","title":{"rendered":"\u0414\u0432\u043e\u0439\u043d\u043e\u0439 PE \u0440\u0430\u0437\u0432\u0435\u0442\u0432\u0438\u0442\u0435\u043b\u044c"},"content":{"rendered":"\t\t<div data-elementor-type=\"wp-page\" data-elementor-id=\"11457\" class=\"elementor elementor-11457 elementor-4929\">\n\t\t\t\t<div class=\"elementor-element elementor-element-06d9e89 e-flex e-con-boxed e-con e-parent\" data-id=\"06d9e89\" data-element_type=\"container\" data-e-type=\"container\" data-settings=\"{&quot;background_background&quot;:&quot;classic&quot;}\">\n\t\t\t\t\t<div class=\"e-con-inner\">\n\t\t\t\t<div class=\"elementor-element elementor-element-3ffcc05 elementor-widget elementor-widget-heading\" data-id=\"3ffcc05\" data-element_type=\"widget\" data-e-type=\"widget\" data-widget_type=\"heading.default\">\n\t\t\t\t<div class=\"elementor-widget-container\">\n\t\t\t\t\t<h1 class=\"elementor-heading-title elementor-size-default\">\u0414\u0432\u043e\u0439\u043d\u043e\u0439 PE-\u043c\u0443\u043b\u044c\u0442\u0438\u043f\u043b\u0435\u043a\u0441\u043e\u0440<\/h1>\t\t\t\t<\/div>\n\t\t\t\t<\/div>\n\t\t\t\t\t<\/div>\n\t\t\t\t<\/div>\n\t\t<div class=\"elementor-element elementor-element-82e0ce9 e-flex e-con-boxed e-con e-parent\" data-id=\"82e0ce9\" data-element_type=\"container\" data-e-type=\"container\">\n\t\t\t\t\t<div class=\"e-con-inner\">\n\t\t<div class=\"elementor-element elementor-element-e2c3492 e-con-full sidebar-menu-product e-flex e-con e-child\" data-id=\"e2c3492\" data-element_type=\"container\" data-e-type=\"container\">\n\t\t<div class=\"normal flexitype_sticky elementor-element elementor-element-a9cc2d9 e-con-full e-grid elementor-hidden-mobile e-con e-child\" data-id=\"a9cc2d9\" data-element_type=\"container\" data-e-type=\"container\" data-settings=\"{&quot;background_background&quot;:&quot;classic&quot;}\">\n\t\t\t\t<div class=\"elementor-element elementor-element-6870d64 sidebar-baslik elementor-widget elementor-widget-heading\" data-id=\"6870d64\" data-element_type=\"widget\" data-e-type=\"widget\" data-widget_type=\"heading.default\">\n\t\t\t\t<div class=\"elementor-widget-container\">\n\t\t\t\t\t<div class=\"elementor-heading-title elementor-size-default\">TELEKOM<\/div>\t\t\t\t<\/div>\n\t\t\t\t<\/div>\n\t\t\t\t<div class=\"elementor-element elementor-element-a98e08d elementor-widget elementor-widget-flexitype-verticalmenu\" data-id=\"a98e08d\" data-element_type=\"widget\" data-e-type=\"widget\" data-widget_type=\"flexitype-verticalmenu.default\">\n\t\t\t\t<div class=\"elementor-widget-container\">\n\t\t\t\t\t        \r\n        <div class=\"vertical-menu vertical_menu-218\">\r\n            <div class=\"menu-telekom-ru-container\"><ul id=\"mobilemenu\" class=\"d-block\"><li id=\"menu-item-13195\" class=\"menu-item menu-item-type-post_type menu-item-object-page menu-item-13195\"><a href=\"https:\/\/www.inkorgrup.com\/ru\/hdpe-double-wall-corrugated-pipe\">HDPE \u0434\u0432\u0443\u0445\u0441\u043b\u043e\u0439\u043d\u0430\u044f \u043a\u043e\u0440\u0440\u0443\u0433\u0438\u0440\u043e\u0432\u0430\u043d\u043d\u0430\u044f \u0442\u0440\u0443\u0431\u0430<\/a><\/li>\n<li id=\"menu-item-13196\" class=\"menu-item menu-item-type-post_type menu-item-object-page menu-item-13196\"><a href=\"https:\/\/www.inkorgrup.com\/ru\/triple-pe-splitter\">\u0422\u0440\u043e\u0439\u043d\u043e\u0439 PE \u043a\u043e\u043b\u043b\u0435\u043a\u0442\u043e\u0440<\/a><\/li>\n<li id=\"menu-item-13197\" class=\"menu-item menu-item-type-post_type menu-item-object-page menu-item-13197\"><a href=\"https:\/\/www.inkorgrup.com\/ru\/double-pe-splitter\">\u0414\u0432\u043e\u0439\u043d\u043e\u0439 PE \u0440\u0430\u0437\u0432\u0435\u0442\u0432\u0438\u0442\u0435\u043b\u044c<\/a><\/li>\n<li id=\"menu-item-13198\" class=\"menu-item menu-item-type-post_type menu-item-object-page menu-item-13198\"><a href=\"https:\/\/www.inkorgrup.com\/ru\/hdpe-coil-conduit\">\u0417\u0430\u0449\u0438\u0442\u043d\u0430\u044f \u043e\u0431\u043e\u043b\u043e\u0447\u043a\u0430 \u0438\u0437 HDPE<\/a><\/li>\n<li id=\"menu-item-13199\" class=\"menu-item menu-item-type-post_type menu-item-object-page menu-item-13199\"><a href=\"https:\/\/www.inkorgrup.com\/ru\/pipe-support\">\u041e\u043f\u043e\u0440\u044b \u0442\u0440\u0443\u0431<\/a><\/li>\n<li id=\"menu-item-13200\" class=\"menu-item menu-item-type-post_type menu-item-object-page menu-item-13200\"><a href=\"https:\/\/www.inkorgrup.com\/ru\/coupling-sleeve\/\">\u0421\u043e\u0435\u0434\u0438\u043d\u0438\u0442\u0435\u043b\u044c\u043d\u0430\u044f \u0432\u0442\u0443\u043b\u043a\u0430<\/a><\/li>\n<\/ul><\/div>        <\/div>\r\n        \r\n        <script>\r\n            (function ($) {\r\n                \"use strict\";\r\n                $(document).ready(function () {\r\n                    \/\/\/============= * Responsive Menu Toggle  =============\\\\\\\r\n                    var mobileItems = jQuery('.vertical_menu-218');\r\n                    mobileItems.find('ul li.menu-item-has-children').append('<span class=\"mobile-arrows fa-solid fa-plus\"><\/span>');\r\n                                            \r\n                    jQuery(\".vertical_menu-218 .mobile-arrows\").click(function() {\r\n                        jQuery(this).parent().find('ul:first').slideToggle(300);\r\n                        jQuery(this).parent().find('> .mobile-arrows').toggleClass('is-open');\r\n                    });\r\n                });\r\n            })(jQuery);\r\n        <\/script>\r\n        \t\t\t\t<\/div>\n\t\t\t\t<\/div>\n\t\t\t\t<\/div>\n\t\t\t\t<\/div>\n\t\t<div class=\"elementor-element elementor-element-53c02b2 e-con-full e-flex e-con e-child\" data-id=\"53c02b2\" data-element_type=\"container\" data-e-type=\"container\">\n\t\t<div class=\"elementor-element elementor-element-80612cf e-con-full e-flex e-con e-child\" data-id=\"80612cf\" data-element_type=\"container\" data-e-type=\"container\">\n\t\t\t\t<div class=\"elementor-element elementor-element-b71164c slider-slide_box_yes elementor-widget elementor-widget-flexitype-image-slider\" data-id=\"b71164c\" data-element_type=\"widget\" data-e-type=\"widget\" data-widget_type=\"flexitype-image-slider.default\">\n\t\t\t\t<div class=\"elementor-widget-container\">\n\t\t\t\t\t\r\n        <div class=\"flexitype_slider \">\r\n            <div class=\"swiper flexitype_slide523 slide_box\">\r\n                <div class=\"swiper-wrapper\">\r\n                                            <div class=\"swiper-slide\">\r\n                            <div class=\"flexitype_image_slider-item visibility_hidden\">\r\n                                <img decoding=\"async\" src=\"http:\/\/inkorgrup.com\/wp-content\/uploads\/2025\/06\/ikili-coklayici-2-1.jpg\" alt=\"image\">\r\n                                <div class=\"flexitype_image_slider-item-content\">\r\n                                    <div\r\n                                        class=\"flexitype_image_slider-item-area inline\">\r\n                                        <div class=\"flexitype_image_slider-item-area-icon\">\r\n                                                                                    <\/div>\r\n                                        <div>\r\n                                                                                                                                                                            <\/div>\r\n                                    <\/div>\r\n                                <\/div>\r\n                            <\/div>\r\n                        <\/div>\r\n                                            <div class=\"swiper-slide\">\r\n                            <div class=\"flexitype_image_slider-item visibility_hidden\">\r\n                                <img decoding=\"async\" src=\"http:\/\/inkorgrup.com\/wp-content\/uploads\/2025\/06\/ikili-coklayici-1.jpg\" alt=\"image\">\r\n                                <div class=\"flexitype_image_slider-item-content\">\r\n                                    <div\r\n                                        class=\"flexitype_image_slider-item-area inline\">\r\n                                        <div class=\"flexitype_image_slider-item-area-icon\">\r\n                                                                                    <\/div>\r\n                                        <div>\r\n                                                                                                                                                                            <\/div>\r\n                                    <\/div>\r\n                                <\/div>\r\n                            <\/div>\r\n                        <\/div>\r\n                                    <\/div>\r\n            <\/div>\r\n                            <div class=\"flexitype_slider-arrow arrow_middle\">\r\n                    <div class=\"flexitype_slider-arrow-prev swiper-button-prev-sliderid\">\r\n                        <i class=\"fas fa-chevron-left\"><\/i>\r\n                    <\/div>\r\n                    <div class=\"flexitype_slider-arrow-next swiper-button-next-sliderid\">\r\n                        <i class=\"fas fa-chevron-right\"><\/i>\r\n                    <\/div>\r\n                <\/div>\r\n                                <\/div>\r\n        <script>\r\n            (function ($) {\r\n                \"use strict\";\r\n                $(document).ready(function () {\r\n                    var autoplayOption = \"yes\";\r\n                    var enableAutoplay = (autoplayOption === 'yes');\r\n                    var swiper = new Swiper(\".flexitype_slide523\", {\r\n                        loop: true,\r\n                        spaceBetween: 30,\r\n                        speed: 500,\r\n                        autoplay: enableAutoplay ? {\r\n                            delay: 4000,\r\n                            reverseDirection: false,\r\n                            disableOnInteraction: false,\r\n                        } : false,\r\n                        navigation: {\r\n                            prevEl: '.swiper-button-prev-sliderid',\r\n                            nextEl: '.swiper-button-next-sliderid',\r\n                        },\r\n                        pagination: {\r\n                            el: \".flexitype_slide_dots-sliderid\",\r\n                            clickable: true,\r\n                        },\r\n                        breakpoints: {\r\n                            0: {\r\n                                slidesPerView: 1,\r\n                            },\r\n                            768: {\r\n                                slidesPerView: 1,\r\n                            },\r\n                            1025: {\r\n                                slidesPerView: 1,\r\n                            },\r\n                            1600: {\r\n                                slidesPerView: 1,\r\n                            },\r\n                        },\r\n                        centeredSlides: \"\",\r\n                    });\r\n                });\r\n            })(jQuery);\r\n        <\/script>\r\n        \t\t\t\t<\/div>\n\t\t\t\t<\/div>\n\t\t\t\t<\/div>\n\t\t\t\t<\/div>\n\t\t\t\t\t<\/div>\n\t\t\t\t<\/div>\n\t\t\t\t<section class=\"elementor-section elementor-top-section elementor-element elementor-element-4c34c83 elementor-section-boxed elementor-section-height-default elementor-section-height-default\" data-id=\"4c34c83\" data-element_type=\"section\" data-e-type=\"section\">\n\t\t\t\t\t\t<div class=\"elementor-container elementor-column-gap-default\">\n\t\t\t\t\t<div class=\"elementor-column elementor-col-100 elementor-top-column elementor-element elementor-element-adfbdb0\" data-id=\"adfbdb0\" data-element_type=\"column\" data-e-type=\"column\">\n\t\t\t<div class=\"elementor-widget-wrap elementor-element-populated\">\n\t\t\t\t\t\t<div class=\"elementor-element elementor-element-8b0344d elementor-widget__width-initial elementor-widget-mobile__width-initial elementor-widget elementor-widget-text-editor\" data-id=\"8b0344d\" data-element_type=\"widget\" data-e-type=\"widget\" data-widget_type=\"text-editor.default\">\n\t\t\t\t<div class=\"elementor-widget-container\">\n\t\t\t\t\t\t\t\t\t<table style=\"text-align: center;\" border=\"1\" width=\"100%\" cellspacing=\"1\" cellpadding=\"1\">\n  <thead>\n    <tr>\n      <th colspan=\"5\">\u00d832 x \u00d840 x \u00d832 \u043c\u043c \u0422\u0440\u043e\u0439\u043d\u043e\u0439 \u0440\u0430\u0441\u043f\u0440\u0435\u0434\u0435\u043b\u0438\u0442\u0435\u043b\u044c<\/th>\n    <\/tr>\n  <\/thead>\n  <tbody>\n    <tr>\n      <td>I. \u043e\u0442\u0432\u0435\u0440\u0441\u0442\u0438\u0435<\/td>\n      <td>II. \u043e\u0442\u0432\u0435\u0440\u0441\u0442\u0438\u0435<\/td>\n      <td>III. \u043e\u0442\u0432\u0435\u0440\u0441\u0442\u0438\u0435<\/td>\n      <td rowspan=\"2\">\u041c\u0430\u0442\u0435\u0440\u0438\u0430\u043b<\/td>\n      <td rowspan=\"2\">\u0426\u0432\u0435\u0442<\/td>\n    <\/tr>\n    <tr>\n      <td>32&nbsp;\u043c\u043c<\/td>\n      <td>32&nbsp;\u043c\u043c<\/td>\n      <td>40&nbsp;\u043c\u043c<\/td>\n    <\/tr>\n    <tr>\n      <td>2,5&nbsp;\u043c\u043c<\/td>\n      <td>2,5&nbsp;\u043c\u043c<\/td>\n      <td>3,0&nbsp;\u043c\u043c<\/td>\n      <td>HDPE<\/td>\n      <td>\u0427\u0451\u0440\u043d\u044b\u0439<\/td>\n    <\/tr>\n  <\/tbody>\n<\/table>\t\t\t\t\t\t\t\t<\/div>\n\t\t\t\t<\/div>\n\t\t\t\t\t<\/div>\n\t\t<\/div>\n\t\t\t\t\t<\/div>\n\t\t<\/section>\n\t\t\t\t<\/div>\n\t\t","protected":false},"excerpt":{"rendered":"<p>\u0414\u0432\u043e\u0439\u043d\u043e\u0439 PE-\u043c\u0443\u043b\u044c\u0442\u0438\u043f\u043b\u0435\u043a\u0441\u043e\u0440 TELEKOM HDPE Double-Wall Corrugated Pipe Triple PE Splitter Double PE Splitter HDPE Coil Conduit Pipe Support Coupling Sleeve \u00d832 x \u00d840 x \u00d832 \u043c\u043c \u0422\u0440\u043e\u0439\u043d\u043e\u0439 \u0440\u0430\u0441\u043f\u0440\u0435\u0434\u0435\u043b\u0438\u0442\u0435\u043b\u044c I. \u043e\u0442\u0432\u0435\u0440\u0441\u0442\u0438\u0435 II. \u043e\u0442\u0432\u0435\u0440\u0441\u0442\u0438\u0435 III. \u043e\u0442\u0432\u0435\u0440\u0441\u0442\u0438\u0435 \u041c\u0430\u0442\u0435\u0440\u0438\u0430\u043b \u0426\u0432\u0435\u0442 32&nbsp;\u043c\u043c 32&nbsp;\u043c\u043c 40&nbsp;\u043c\u043c 2,5&nbsp;\u043c\u043c 2,5&nbsp;\u043c\u043c 3,0&nbsp;\u043c\u043c HDPE \u0427\u0451\u0440\u043d\u044b\u0439<\/p>\n","protected":false},"author":1,"featured_media":0,"parent":0,"menu_order":0,"comment_status":"closed","ping_status":"closed","template":"elementor_header_footer","meta":{"footnotes":""},"class_list":["post-11457","page","type-page","status-publish","hentry"],"_links":{"self":[{"href":"https:\/\/www.inkorgrup.com\/ru\/wp-json\/wp\/v2\/pages\/11457","targetHints":{"allow":["GET"]}}],"collection":[{"href":"https:\/\/www.inkorgrup.com\/ru\/wp-json\/wp\/v2\/pages"}],"about":[{"href":"https:\/\/www.inkorgrup.com\/ru\/wp-json\/wp\/v2\/types\/page"}],"author":[{"embeddable":true,"href":"https:\/\/www.inkorgrup.com\/ru\/wp-json\/wp\/v2\/users\/1"}],"replies":[{"embeddable":true,"href":"https:\/\/www.inkorgrup.com\/ru\/wp-json\/wp\/v2\/comments?post=11457"}],"version-history":[{"count":15,"href":"https:\/\/www.inkorgrup.com\/ru\/wp-json\/wp\/v2\/pages\/11457\/revisions"}],"predecessor-version":[{"id":14576,"href":"https:\/\/www.inkorgrup.com\/ru\/wp-json\/wp\/v2\/pages\/11457\/revisions\/14576"}],"wp:attachment":[{"href":"https:\/\/www.inkorgrup.com\/ru\/wp-json\/wp\/v2\/media?parent=11457"}],"curies":[{"name":"wp","href":"https:\/\/api.w.org\/{rel}","templated":true}]}}